{"id":1163,"date":"2024-04-30T11:38:28","date_gmt":"2024-04-30T09:38:28","guid":{"rendered":"https:\/\/futterkorb.ch\/?page_id=1163"},"modified":"2024-05-02T13:18:55","modified_gmt":"2024-05-02T11:18:55","slug":"makrozoobenthos","status":"publish","type":"page","link":"https:\/\/futterkorb.ch\/en\/makrozoobenthos\/","title":{"rendered":"Macrozoobenthos"},"content":{"rendered":"<div data-elementor-type=\"wp-page\" data-elementor-id=\"1163\" class=\"elementor elementor-1163\">\n\t\t\t\t<div class=\"elementor-element elementor-element-b61ed6d e-flex e-con-boxed e-con e-parent\" data-id=\"b61ed6d\" data-element_type=\"container\" data-e-type=\"container\">\n\t\t\t\t\t<div class=\"e-con-inner\">\n\t\t\t\t<div class=\"elementor-element elementor-element-1faf631 elementor-position-top elementor-widget elementor-widget-image-box\" data-id=\"1faf631\" data-element_type=\"widget\" data-e-type=\"widget\" data-widget_type=\"image-box.default\">\n\t\t\t\t<div class=\"elementor-widget-container\">\n\t\t\t\t\t<div class=\"elementor-image-box-wrapper\"><figure class=\"elementor-image-box-img\"><img fetchpriority=\"high\" decoding=\"async\" width=\"1024\" height=\"726\" src=\"https:\/\/futterkorb.ch\/wp-content\/uploads\/2024\/04\/NScNcILmLqitTLCjYLVB9A_b.png\" class=\"attachment-full size-full wp-image-1165\" alt=\"Makrozoobenthos\" srcset=\"https:\/\/futterkorb.ch\/wp-content\/uploads\/2024\/04\/NScNcILmLqitTLCjYLVB9A_b.png 1024w, https:\/\/futterkorb.ch\/wp-content\/uploads\/2024\/04\/NScNcILmLqitTLCjYLVB9A_b-300x213.png 300w, https:\/\/futterkorb.ch\/wp-content\/uploads\/2024\/04\/NScNcILmLqitTLCjYLVB9A_b-768x545.png 768w\" sizes=\"(max-width: 1024px) 100vw, 1024px\" \/><\/figure><div class=\"elementor-image-box-content\"><h2 class=\"elementor-image-box-title\">Macrozoobenthos<\/h2><p class=\"elementor-image-box-description\">The macrozoobenthos is a good indicator of the biological quality of the water, i.e. of the extent of organic pollution. These are small invertebrates (\u201czoo\u201d) that can be seen with the naked eye (\u201cmacro\u201d), such as insect larvae, worms, snails, mussels, and crabs that live on the bottom of the water (\u201cbenthos\u201d). In addition, this group is an indicator of \u201cgeneral degradation\u201d, i.e. of the structural changes and the intensity of land use in the catchment area of \u200b\u200bthe rivers.<\/p><\/div><\/div>\t\t\t\t<\/div>\n\t\t\t\t<\/div>\n\t\t\t\t<div class=\"elementor-element elementor-element-de86bec elementor-widget elementor-widget-spacer\" data-id=\"de86bec\" data-element_type=\"widget\" data-e-type=\"widget\" data-widget_type=\"spacer.default\">\n\t\t\t\t<div class=\"elementor-widget-container\">\n\t\t\t\t\t\t\t<div class=\"elementor-spacer\">\n\t\t\t<div class=\"elementor-spacer-inner\"><\/div>\n\t\t<\/div>\n\t\t\t\t\t\t<\/div>\n\t\t\t\t<\/div>\n\t\t\t\t\t<\/div>\n\t\t\t\t<\/div>\n\t\t<div class=\"elementor-element elementor-element-582d6db e-flex e-con-boxed e-con e-parent\" data-id=\"582d6db\" data-element_type=\"container\" data-e-type=\"container\">\n\t\t\t\t\t<div class=\"e-con-inner\">\n\t\t\t\t<div class=\"elementor-element elementor-element-8e773ca elementor-position-left elementor-vertical-align-middle elementor-widget elementor-widget-image-box\" data-id=\"8e773ca\" data-element_type=\"widget\" data-e-type=\"widget\" data-widget_type=\"image-box.default\">\n\t\t\t\t<div class=\"elementor-widget-container\">\n\t\t\t\t\t<div class=\"elementor-image-box-wrapper\"><figure class=\"elementor-image-box-img\"><img decoding=\"async\" src=\"https:\/\/upload.wikimedia.org\/wikipedia\/commons\/a\/a3\/Gammarus_fossarum_Podkomorsk%C3%A9_lesy.jpg\" title=\"\" alt=\"Bachflohkrebs\" loading=\"lazy\" \/><\/figure><div class=\"elementor-image-box-content\"><h3 class=\"elementor-image-box-title\">The Gammarus<\/h3><p class=\"elementor-image-box-description\">The Gammarus, also known as Gammarus pulex, is a species of freshwater crustacean found in flowing waters such as streams, rivers and small lakes. It belongs to the order Amphipoda and is widespread in Europe and North America.<br><br>The Gammarus is an important component of the macrozoobenthos in these habitats. It feeds on dead plants and animals as well as algae and other organic materials. At the same time, it serves as a food source for many fish and other aquatic creatures.<br><br>Due to its importance as an indicator of water quality, the Gammarus is often used in ecological studies. Changes in its occurrence and abundance can indicate environmental changes and pollution.<\/p><\/div><\/div>\t\t\t\t<\/div>\n\t\t\t\t<\/div>\n\t\t\t\t\t<\/div>\n\t\t\t\t<\/div>\n\t\t\t\t<\/div>","protected":false},"excerpt":{"rendered":"<p>Makrozoobenthos Das Makrozoobenthos ist ein guter Indikator f\u00fcr die biologische Gew\u00e4sserg\u00fcte, also f\u00fcr das Ausma\u00df der organischen Belastung. Es handelt sich dabei um mit dem blo\u00dfen Auge erkennbare (\u201eMakro\u201c) wirbellose Kleinstlebewesen (\u201ezoo\u201c) wie z. B. Insektenlarven, W\u00fcrmer, Schnecken, Muscheln, Krebse die auf der Gew\u00e4ssersohle (\u201ebenthos\u201c) leben. Dar\u00fcber hinaus ist diese Gruppe ein Indikator f\u00fcr die [&hellip;]<\/p>\n","protected":false},"author":1,"featured_media":0,"parent":0,"menu_order":0,"comment_status":"closed","ping_status":"closed","template":"","meta":{"site-sidebar-layout":"no-sidebar","site-content-layout":"page-builder","ast-site-content-layout":"full-width-container","site-content-style":"default","site-sidebar-style":"default","ast-global-header-display":"","ast-banner-title-visibility":"","ast-main-header-display":"","ast-hfb-above-header-display":"","ast-hfb-below-header-display":"","ast-hfb-mobile-header-display":"","site-post-title":"disabled","ast-breadcrumbs-content":"","ast-featured-img":"disabled","footer-sml-layout":"","ast-disable-related-posts":"","theme-transparent-header-meta":"","adv-header-id-meta":"","stick-header-meta":"","header-above-stick-meta":"","header-main-stick-meta":"","header-below-stick-meta":"","astra-migrate-meta-layouts":"set","ast-page-background-enabled":"default","ast-page-background-meta":{"desktop":{"background-color":"","background-image":"","background-repeat":"repeat","background-position":"center center","background-size":"auto","background-attachment":"scroll","background-type":"","background-media":"","overlay-type":"","overlay-color":"","overlay-opacity":"","overlay-gradient":""},"tablet":{"background-color":"","background-image":"","background-repeat":"repeat","background-position":"center center","background-size":"auto","background-attachment":"scroll","background-type":"","background-media":"","overlay-type":"","overlay-color":"","overlay-opacity":"","overlay-gradient":""},"mobile":{"background-color":"","background-image":"","background-repeat":"repeat","background-position":"center center","background-size":"auto","background-attachment":"scroll","background-type":"","background-media":"","overlay-type":"","overlay-color":"","overlay-opacity":"","overlay-gradient":""}},"ast-content-background-meta":{"desktop":{"background-color":"var(--ast-global-color-5)","background-image":"","background-repeat":"repeat","background-position":"center center","background-size":"auto","background-attachment":"scroll","background-type":"","background-media":"","overlay-type":"","overlay-color":"","overlay-opacity":"","overlay-gradient":""},"tablet":{"background-color":"var(--ast-global-color-5)","background-image":"","background-repeat":"repeat","background-position":"center center","background-size":"auto","background-attachment":"scroll","background-type":"","background-media":"","overlay-type":"","overlay-color":"","overlay-opacity":"","overlay-gradient":""},"mobile":{"background-color":"var(--ast-global-color-5)","background-image":"","background-repeat":"repeat","background-position":"center center","background-size":"auto","background-attachment":"scroll","background-type":"","background-media":"","overlay-type":"","overlay-color":"","overlay-opacity":"","overlay-gradient":""}},"footnotes":""},"class_list":["post-1163","page","type-page","status-publish","hentry"],"yoast_head":"<!-- This site is optimized with the Yoast SEO plugin v27.4 - https:\/\/yoast.com\/product\/yoast-seo-wordpress\/ -->\n<title>Makrozoobenthos - Futterkorb - by Stefan Baur<\/title>\n<meta name=\"robots\" content=\"index, follow, max-snippet:-1, max-image-preview:large, max-video-preview:-1\" \/>\n<link rel=\"canonical\" href=\"https:\/\/futterkorb.ch\/en\/makrozoobenthos\/\" \/>\n<meta property=\"og:locale\" content=\"en_US\" \/>\n<meta property=\"og:type\" content=\"article\" \/>\n<meta property=\"og:title\" content=\"Makrozoobenthos - Futterkorb - by Stefan Baur\" \/>\n<meta property=\"og:description\" content=\"Makrozoobenthos Das Makrozoobenthos ist ein guter Indikator f\u00fcr die biologische Gew\u00e4sserg\u00fcte, also f\u00fcr das Ausma\u00df der organischen Belastung. Es handelt sich dabei um mit dem blo\u00dfen Auge erkennbare (\u201eMakro\u201c) wirbellose Kleinstlebewesen (\u201ezoo\u201c) wie z. B. Insektenlarven, W\u00fcrmer, Schnecken, Muscheln, Krebse die auf der Gew\u00e4ssersohle (\u201ebenthos\u201c) leben. Dar\u00fcber hinaus ist diese Gruppe ein Indikator f\u00fcr die [&hellip;]\" \/>\n<meta property=\"og:url\" content=\"https:\/\/futterkorb.ch\/en\/makrozoobenthos\/\" \/>\n<meta property=\"og:site_name\" content=\"Futterkorb - by Stefan Baur\" \/>\n<meta property=\"article:publisher\" content=\"https:\/\/www.facebook.com\/futterkorbstefanbaur\" \/>\n<meta property=\"article:modified_time\" content=\"2024-05-02T11:18:55+00:00\" \/>\n<meta property=\"og:image\" content=\"http:\/\/futterkorb.ch\/wp-content\/uploads\/2024\/04\/NScNcILmLqitTLCjYLVB9A_b.png\" \/>\n<meta name=\"twitter:card\" content=\"summary_large_image\" \/>\n<meta name=\"twitter:label1\" content=\"Est. reading time\" \/>\n\t<meta name=\"twitter:data1\" content=\"1 minute\" \/>\n<script type=\"application\/ld+json\" class=\"yoast-schema-graph\">{\"@context\":\"https:\\\/\\\/schema.org\",\"@graph\":[{\"@type\":\"WebPage\",\"@id\":\"https:\\\/\\\/futterkorb.ch\\\/makrozoobenthos\\\/\",\"url\":\"https:\\\/\\\/futterkorb.ch\\\/makrozoobenthos\\\/\",\"name\":\"Makrozoobenthos - Futterkorb - by Stefan Baur\",\"isPartOf\":{\"@id\":\"https:\\\/\\\/futterkorb.ch\\\/#website\"},\"primaryImageOfPage\":{\"@id\":\"https:\\\/\\\/futterkorb.ch\\\/makrozoobenthos\\\/#primaryimage\"},\"image\":{\"@id\":\"https:\\\/\\\/futterkorb.ch\\\/makrozoobenthos\\\/#primaryimage\"},\"thumbnailUrl\":\"http:\\\/\\\/futterkorb.ch\\\/wp-content\\\/uploads\\\/2024\\\/04\\\/NScNcILmLqitTLCjYLVB9A_b.png\",\"datePublished\":\"2024-04-30T09:38:28+00:00\",\"dateModified\":\"2024-05-02T11:18:55+00:00\",\"breadcrumb\":{\"@id\":\"https:\\\/\\\/futterkorb.ch\\\/makrozoobenthos\\\/#breadcrumb\"},\"inLanguage\":\"en-US\",\"potentialAction\":[{\"@type\":\"ReadAction\",\"target\":[\"https:\\\/\\\/futterkorb.ch\\\/makrozoobenthos\\\/\"]}]},{\"@type\":\"ImageObject\",\"inLanguage\":\"en-US\",\"@id\":\"https:\\\/\\\/futterkorb.ch\\\/makrozoobenthos\\\/#primaryimage\",\"url\":\"http:\\\/\\\/futterkorb.ch\\\/wp-content\\\/uploads\\\/2024\\\/04\\\/NScNcILmLqitTLCjYLVB9A_b.png\",\"contentUrl\":\"http:\\\/\\\/futterkorb.ch\\\/wp-content\\\/uploads\\\/2024\\\/04\\\/NScNcILmLqitTLCjYLVB9A_b.png\"},{\"@type\":\"BreadcrumbList\",\"@id\":\"https:\\\/\\\/futterkorb.ch\\\/makrozoobenthos\\\/#breadcrumb\",\"itemListElement\":[{\"@type\":\"ListItem\",\"position\":1,\"name\":\"Home\",\"item\":\"https:\\\/\\\/futterkorb.ch\\\/\"},{\"@type\":\"ListItem\",\"position\":2,\"name\":\"Makrozoobenthos\"}]},{\"@type\":\"WebSite\",\"@id\":\"https:\\\/\\\/futterkorb.ch\\\/#website\",\"url\":\"https:\\\/\\\/futterkorb.ch\\\/\",\"name\":\"Futterkorb - by Stefan Baur\",\"description\":\"Futterkorb - by Stefan Baur\",\"publisher\":{\"@id\":\"https:\\\/\\\/futterkorb.ch\\\/#organization\"},\"potentialAction\":[{\"@type\":\"SearchAction\",\"target\":{\"@type\":\"EntryPoint\",\"urlTemplate\":\"https:\\\/\\\/futterkorb.ch\\\/?s={search_term_string}\"},\"query-input\":{\"@type\":\"PropertyValueSpecification\",\"valueRequired\":true,\"valueName\":\"search_term_string\"}}],\"inLanguage\":\"en-US\"},{\"@type\":\"Organization\",\"@id\":\"https:\\\/\\\/futterkorb.ch\\\/#organization\",\"name\":\"Futterkorb - by Stefan Baur\",\"url\":\"https:\\\/\\\/futterkorb.ch\\\/\",\"logo\":{\"@type\":\"ImageObject\",\"inLanguage\":\"en-US\",\"@id\":\"https:\\\/\\\/futterkorb.ch\\\/#\\\/schema\\\/logo\\\/image\\\/\",\"url\":\"https:\\\/\\\/futterkorb.ch\\\/wp-content\\\/uploads\\\/2024\\\/03\\\/Logo_white.svg\",\"contentUrl\":\"https:\\\/\\\/futterkorb.ch\\\/wp-content\\\/uploads\\\/2024\\\/03\\\/Logo_white.svg\",\"width\":1000,\"height\":345,\"caption\":\"Futterkorb - by Stefan Baur\"},\"image\":{\"@id\":\"https:\\\/\\\/futterkorb.ch\\\/#\\\/schema\\\/logo\\\/image\\\/\"},\"sameAs\":[\"https:\\\/\\\/www.facebook.com\\\/futterkorbstefanbaur\",\"https:\\\/\\\/www.instagram.com\\\/futterkorb.bystefanbaur\",\"https:\\\/\\\/www.youtube.com\\\/@Futterkorb.byStefanBaur\"]}]}<\/script>\n<!-- \/ Yoast SEO plugin. -->","yoast_head_json":{"title":"Makrozoobenthos - Futterkorb - by Stefan Baur","robots":{"index":"index","follow":"follow","max-snippet":"max-snippet:-1","max-image-preview":"max-image-preview:large","max-video-preview":"max-video-preview:-1"},"canonical":"https:\/\/futterkorb.ch\/en\/makrozoobenthos\/","og_locale":"en_US","og_type":"article","og_title":"Makrozoobenthos - Futterkorb - by Stefan Baur","og_description":"Makrozoobenthos Das Makrozoobenthos ist ein guter Indikator f\u00fcr die biologische Gew\u00e4sserg\u00fcte, also f\u00fcr das Ausma\u00df der organischen Belastung. Es handelt sich dabei um mit dem blo\u00dfen Auge erkennbare (\u201eMakro\u201c) wirbellose Kleinstlebewesen (\u201ezoo\u201c) wie z. B. Insektenlarven, W\u00fcrmer, Schnecken, Muscheln, Krebse die auf der Gew\u00e4ssersohle (\u201ebenthos\u201c) leben. Dar\u00fcber hinaus ist diese Gruppe ein Indikator f\u00fcr die [&hellip;]","og_url":"https:\/\/futterkorb.ch\/en\/makrozoobenthos\/","og_site_name":"Futterkorb - by Stefan Baur","article_publisher":"https:\/\/www.facebook.com\/futterkorbstefanbaur","article_modified_time":"2024-05-02T11:18:55+00:00","og_image":[{"url":"http:\/\/futterkorb.ch\/wp-content\/uploads\/2024\/04\/NScNcILmLqitTLCjYLVB9A_b.png","type":"","width":"","height":""}],"twitter_card":"summary_large_image","twitter_misc":{"Est. reading time":"1 minute"},"schema":{"@context":"https:\/\/schema.org","@graph":[{"@type":"WebPage","@id":"https:\/\/futterkorb.ch\/makrozoobenthos\/","url":"https:\/\/futterkorb.ch\/makrozoobenthos\/","name":"Makrozoobenthos - Futterkorb - by Stefan Baur","isPartOf":{"@id":"https:\/\/futterkorb.ch\/#website"},"primaryImageOfPage":{"@id":"https:\/\/futterkorb.ch\/makrozoobenthos\/#primaryimage"},"image":{"@id":"https:\/\/futterkorb.ch\/makrozoobenthos\/#primaryimage"},"thumbnailUrl":"http:\/\/futterkorb.ch\/wp-content\/uploads\/2024\/04\/NScNcILmLqitTLCjYLVB9A_b.png","datePublished":"2024-04-30T09:38:28+00:00","dateModified":"2024-05-02T11:18:55+00:00","breadcrumb":{"@id":"https:\/\/futterkorb.ch\/makrozoobenthos\/#breadcrumb"},"inLanguage":"en-US","potentialAction":[{"@type":"ReadAction","target":["https:\/\/futterkorb.ch\/makrozoobenthos\/"]}]},{"@type":"ImageObject","inLanguage":"en-US","@id":"https:\/\/futterkorb.ch\/makrozoobenthos\/#primaryimage","url":"http:\/\/futterkorb.ch\/wp-content\/uploads\/2024\/04\/NScNcILmLqitTLCjYLVB9A_b.png","contentUrl":"http:\/\/futterkorb.ch\/wp-content\/uploads\/2024\/04\/NScNcILmLqitTLCjYLVB9A_b.png"},{"@type":"BreadcrumbList","@id":"https:\/\/futterkorb.ch\/makrozoobenthos\/#breadcrumb","itemListElement":[{"@type":"ListItem","position":1,"name":"Home","item":"https:\/\/futterkorb.ch\/"},{"@type":"ListItem","position":2,"name":"Makrozoobenthos"}]},{"@type":"WebSite","@id":"https:\/\/futterkorb.ch\/#website","url":"https:\/\/futterkorb.ch\/","name":"Futterkorb - by Stefan Baur","description":"Futterkorb - by Stefan Baur","publisher":{"@id":"https:\/\/futterkorb.ch\/#organization"},"potentialAction":[{"@type":"SearchAction","target":{"@type":"EntryPoint","urlTemplate":"https:\/\/futterkorb.ch\/?s={search_term_string}"},"query-input":{"@type":"PropertyValueSpecification","valueRequired":true,"valueName":"search_term_string"}}],"inLanguage":"en-US"},{"@type":"Organization","@id":"https:\/\/futterkorb.ch\/#organization","name":"Futterkorb - by Stefan Baur","url":"https:\/\/futterkorb.ch\/","logo":{"@type":"ImageObject","inLanguage":"en-US","@id":"https:\/\/futterkorb.ch\/#\/schema\/logo\/image\/","url":"https:\/\/futterkorb.ch\/wp-content\/uploads\/2024\/03\/Logo_white.svg","contentUrl":"https:\/\/futterkorb.ch\/wp-content\/uploads\/2024\/03\/Logo_white.svg","width":1000,"height":345,"caption":"Futterkorb - by Stefan Baur"},"image":{"@id":"https:\/\/futterkorb.ch\/#\/schema\/logo\/image\/"},"sameAs":["https:\/\/www.facebook.com\/futterkorbstefanbaur","https:\/\/www.instagram.com\/futterkorb.bystefanbaur","https:\/\/www.youtube.com\/@Futterkorb.byStefanBaur"]}]}},"rttpg_featured_image_url":null,"rttpg_author":{"display_name":"pixpaw","author_link":"https:\/\/futterkorb.ch\/en\/author\/pixpaw\/"},"rttpg_comment":0,"rttpg_category":null,"rttpg_excerpt":"Makrozoobenthos Das Makrozoobenthos ist ein guter Indikator f\u00fcr die biologische Gew\u00e4sserg\u00fcte, also f\u00fcr das Ausma\u00df der organischen Belastung. Es handelt sich dabei um mit dem blo\u00dfen Auge erkennbare (\u201eMakro\u201c) wirbellose Kleinstlebewesen (\u201ezoo\u201c) wie z. B. Insektenlarven, W\u00fcrmer, Schnecken, Muscheln, Krebse die auf der Gew\u00e4ssersohle (\u201ebenthos\u201c) leben. Dar\u00fcber hinaus ist diese Gruppe ein Indikator f\u00fcr die&hellip;","_links":{"self":[{"href":"https:\/\/futterkorb.ch\/en\/wp-json\/wp\/v2\/pages\/1163","targetHints":{"allow":["GET"]}}],"collection":[{"href":"https:\/\/futterkorb.ch\/en\/wp-json\/wp\/v2\/pages"}],"about":[{"href":"https:\/\/futterkorb.ch\/en\/wp-json\/wp\/v2\/types\/page"}],"author":[{"embeddable":true,"href":"https:\/\/futterkorb.ch\/en\/wp-json\/wp\/v2\/users\/1"}],"replies":[{"embeddable":true,"href":"https:\/\/futterkorb.ch\/en\/wp-json\/wp\/v2\/comments?post=1163"}],"version-history":[{"count":10,"href":"https:\/\/futterkorb.ch\/en\/wp-json\/wp\/v2\/pages\/1163\/revisions"}],"predecessor-version":[{"id":1202,"href":"https:\/\/futterkorb.ch\/en\/wp-json\/wp\/v2\/pages\/1163\/revisions\/1202"}],"wp:attachment":[{"href":"https:\/\/futterkorb.ch\/en\/wp-json\/wp\/v2\/media?parent=1163"}],"curies":[{"name":"wp","href":"https:\/\/api.w.org\/{rel}","templated":true}]}}