{"id":1189,"date":"2024-04-30T12:26:51","date_gmt":"2024-04-30T10:26:51","guid":{"rendered":"https:\/\/futterkorb.ch\/?page_id=1189"},"modified":"2026-02-17T19:49:40","modified_gmt":"2026-02-17T18:49:40","slug":"seminare","status":"publish","type":"page","link":"https:\/\/futterkorb.ch\/en\/seminare\/","title":{"rendered":"Events"},"content":{"rendered":"<div data-elementor-type=\"wp-page\" data-elementor-id=\"1189\" class=\"elementor elementor-1189\">\n\t\t\t\t<div class=\"elementor-element elementor-element-789cd71 e-flex e-con-boxed e-con e-parent\" data-id=\"789cd71\" data-element_type=\"container\" data-e-type=\"container\">\n\t\t\t\t\t<div class=\"e-con-inner\">\n\t\t<div class=\"elementor-element elementor-element-2737443 e-con-full e-flex e-con e-child\" data-id=\"2737443\" data-element_type=\"container\" data-e-type=\"container\" data-settings=\"{&quot;background_background&quot;:&quot;classic&quot;}\">\n\t\t\t\t<div class=\"elementor-element elementor-element-65e7297 elementor-widget__width-inherit elementor-widget elementor-widget-heading\" data-id=\"65e7297\" data-element_type=\"widget\" data-e-type=\"widget\" data-widget_type=\"heading.default\">\n\t\t\t\t<div class=\"elementor-widget-container\">\n\t\t\t\t\t<h1 class=\"elementor-heading-title elementor-size-default\">Events<\/h1>\t\t\t\t<\/div>\n\t\t\t\t<\/div>\n\t\t\t\t<\/div>\n\t\t\t\t<div class=\"elementor-element elementor-element-ca57ca2 elementor-widget elementor-widget-text-editor\" data-id=\"ca57ca2\" data-element_type=\"widget\" data-e-type=\"widget\" data-widget_type=\"text-editor.default\">\n\t\t\t\t<div class=\"elementor-widget-container\">\n\t\t\t\t\t\t\t\t\t<h3>Trade fairs<\/h3><p><b>\u00a0Experience feeding baskets live:<\/b><\/p><p><b><a href=\"https:\/\/www.erlebniswelt-fliegenfischen.de\/index.php\/de\/\"><u>Erlebniswelt Fliegenfischen EWF<\/u><\/a><br \/>18. &#8211; 19. April 2026<br \/><\/b><b>Stand\u00a0<\/b><b style=\"font-style: inherit;\">28 im Stadtsaal<br \/><\/b><b>F\u00fcrstenfeldbruck, Deutschland<\/b><\/p>\t\t\t\t\t\t\t\t<\/div>\n\t\t\t\t<\/div>\n\t\t\t\t<div class=\"elementor-element elementor-element-f3b58b2 elementor-widget elementor-widget-image-box\" data-id=\"f3b58b2\" data-element_type=\"widget\" data-e-type=\"widget\" data-widget_type=\"image-box.default\">\n\t\t\t\t<div class=\"elementor-widget-container\">\n\t\t\t\t\t<div class=\"elementor-image-box-wrapper\"><div class=\"elementor-image-box-content\"><h3 class=\"elementor-image-box-title\"><a href=\"https:\/\/futterkorb.ch\/en\/kontakt\/\">Seminars<\/a><\/h3><p class=\"elementor-image-box-description\">We offer seminars on request. <br><br><b>Content:<\/b><br>How do I install the feed basket?<br>- How do I fill the feed basket?<br>- How do I check the feed basket? <br><br>Are you interested? Then send us an inquiry using the contact form. <\/p><\/div><\/div>\t\t\t\t<\/div>\n\t\t\t\t<\/div>\n\t\t<div class=\"elementor-element elementor-element-a7192ae e-con-full e-flex e-con e-child\" data-id=\"a7192ae\" data-element_type=\"container\" data-e-type=\"container\">\n\t\t\t\t<\/div>\n\t\t\t\t\t<\/div>\n\t\t\t\t<\/div>\n\t\t\t\t<\/div>","protected":false},"excerpt":{"rendered":"<p>Veranstaltungen Messen \u00a0Erleben Sie Futterk\u00f6rbe live: Erlebniswelt Fliegenfischen EWF18. &#8211; 19. April 2026Stand\u00a028 im StadtsaalF\u00fcrstenfeldbruck, Deutschland Seminare Wir bieten auf Seminare auf Anfrage an. Inhalt:&#8211; Wie installiere ich den Futterkorb?&#8211; Wie bef\u00fclle ich den Futterkorb?&#8211; Wie \u00fcberpr\u00fcfe ich den Futterkorb? Haben Sie Interesse? Dann schicken Sie uns eine Anfrage \u00fcber das Kontaktformular.<\/p>","protected":false},"author":1,"featured_media":0,"parent":0,"menu_order":0,"comment_status":"closed","ping_status":"closed","template":"","meta":{"site-sidebar-layout":"no-sidebar","site-content-layout":"page-builder","ast-site-content-layout":"full-width-container","site-content-style":"unboxed","site-sidebar-style":"unboxed","ast-global-header-display":"","ast-banner-title-visibility":"","ast-main-header-display":"","ast-hfb-above-header-display":"","ast-hfb-below-header-display":"","ast-hfb-mobile-header-display":"","site-post-title":"disabled","ast-breadcrumbs-content":"","ast-featured-img":"disabled","footer-sml-layout":"","ast-disable-related-posts":"","theme-transparent-header-meta":"","adv-header-id-meta":"","stick-header-meta":"","header-above-stick-meta":"","header-main-stick-meta":"","header-below-stick-meta":"","astra-migrate-meta-layouts":"set","ast-page-background-enabled":"default","ast-page-background-meta":{"desktop":{"background-color":"","background-image":"","background-repeat":"repeat","background-position":"center center","background-size":"auto","background-attachment":"scroll","background-type":"","background-media":"","overlay-type":"","overlay-color":"","overlay-opacity":"","overlay-gradient":""},"tablet":{"background-color":"","background-image":"","background-repeat":"repeat","background-position":"center center","background-size":"auto","background-attachment":"scroll","background-type":"","background-media":"","overlay-type":"","overlay-color":"","overlay-opacity":"","overlay-gradient":""},"mobile":{"background-color":"","background-image":"","background-repeat":"repeat","background-position":"center center","background-size":"auto","background-attachment":"scroll","background-type":"","background-media":"","overlay-type":"","overlay-color":"","overlay-opacity":"","overlay-gradient":""}},"ast-content-background-meta":{"desktop":{"background-color":"var(--ast-global-color-5)","background-image":"","background-repeat":"repeat","background-position":"center center","background-size":"auto","background-attachment":"scroll","background-type":"","background-media":"","overlay-type":"","overlay-color":"","overlay-opacity":"","overlay-gradient":""},"tablet":{"background-color":"var(--ast-global-color-5)","background-image":"","background-repeat":"repeat","background-position":"center center","background-size":"auto","background-attachment":"scroll","background-type":"","background-media":"","overlay-type":"","overlay-color":"","overlay-opacity":"","overlay-gradient":""},"mobile":{"background-color":"var(--ast-global-color-5)","background-image":"","background-repeat":"repeat","background-position":"center center","background-size":"auto","background-attachment":"scroll","background-type":"","background-media":"","overlay-type":"","overlay-color":"","overlay-opacity":"","overlay-gradient":""}},"footnotes":""},"class_list":["post-1189","page","type-page","status-publish","hentry"],"yoast_head":"<!-- This site is optimized with the Yoast SEO plugin v27.3 - https:\/\/yoast.com\/product\/yoast-seo-wordpress\/ -->\n<title>Veranstaltungen - Futterkorb - by Stefan Baur<\/title>\n<meta name=\"robots\" content=\"index, follow, max-snippet:-1, max-image-preview:large, max-video-preview:-1\" \/>\n<link rel=\"canonical\" href=\"https:\/\/futterkorb.ch\/en\/seminare\/\" \/>\n<meta property=\"og:locale\" content=\"en_US\" \/>\n<meta property=\"og:type\" content=\"article\" \/>\n<meta property=\"og:title\" content=\"Veranstaltungen - Futterkorb - by Stefan Baur\" \/>\n<meta property=\"og:description\" content=\"Veranstaltungen Messen \u00a0Erleben Sie Futterk\u00f6rbe live: Erlebniswelt Fliegenfischen EWF18. &#8211; 19. April 2026Stand\u00a028 im StadtsaalF\u00fcrstenfeldbruck, Deutschland Seminare Wir bieten auf Seminare auf Anfrage an. Inhalt:&#8211; Wie installiere ich den Futterkorb?&#8211; Wie bef\u00fclle ich den Futterkorb?&#8211; Wie \u00fcberpr\u00fcfe ich den Futterkorb? Haben Sie Interesse? Dann schicken Sie uns eine Anfrage \u00fcber das Kontaktformular.\" \/>\n<meta property=\"og:url\" content=\"https:\/\/futterkorb.ch\/en\/seminare\/\" \/>\n<meta property=\"og:site_name\" content=\"Futterkorb - by Stefan Baur\" \/>\n<meta property=\"article:publisher\" content=\"https:\/\/www.facebook.com\/futterkorbstefanbaur\" \/>\n<meta property=\"article:modified_time\" content=\"2026-02-17T18:49:40+00:00\" \/>\n<meta name=\"twitter:card\" content=\"summary_large_image\" \/>\n<meta name=\"twitter:label1\" content=\"Est. reading time\" \/>\n\t<meta name=\"twitter:data1\" content=\"1 minute\" \/>\n<script type=\"application\/ld+json\" class=\"yoast-schema-graph\">{\"@context\":\"https:\\\/\\\/schema.org\",\"@graph\":[{\"@type\":\"WebPage\",\"@id\":\"https:\\\/\\\/futterkorb.ch\\\/seminare\\\/\",\"url\":\"https:\\\/\\\/futterkorb.ch\\\/seminare\\\/\",\"name\":\"Veranstaltungen - Futterkorb - by Stefan Baur\",\"isPartOf\":{\"@id\":\"https:\\\/\\\/futterkorb.ch\\\/#website\"},\"datePublished\":\"2024-04-30T10:26:51+00:00\",\"dateModified\":\"2026-02-17T18:49:40+00:00\",\"breadcrumb\":{\"@id\":\"https:\\\/\\\/futterkorb.ch\\\/seminare\\\/#breadcrumb\"},\"inLanguage\":\"en-US\",\"potentialAction\":[{\"@type\":\"ReadAction\",\"target\":[\"https:\\\/\\\/futterkorb.ch\\\/seminare\\\/\"]}]},{\"@type\":\"BreadcrumbList\",\"@id\":\"https:\\\/\\\/futterkorb.ch\\\/seminare\\\/#breadcrumb\",\"itemListElement\":[{\"@type\":\"ListItem\",\"position\":1,\"name\":\"Home\",\"item\":\"https:\\\/\\\/futterkorb.ch\\\/\"},{\"@type\":\"ListItem\",\"position\":2,\"name\":\"Veranstaltungen\"}]},{\"@type\":\"WebSite\",\"@id\":\"https:\\\/\\\/futterkorb.ch\\\/#website\",\"url\":\"https:\\\/\\\/futterkorb.ch\\\/\",\"name\":\"Futterkorb - by Stefan Baur\",\"description\":\"Futterkorb - by Stefan Baur\",\"publisher\":{\"@id\":\"https:\\\/\\\/futterkorb.ch\\\/#organization\"},\"potentialAction\":[{\"@type\":\"SearchAction\",\"target\":{\"@type\":\"EntryPoint\",\"urlTemplate\":\"https:\\\/\\\/futterkorb.ch\\\/?s={search_term_string}\"},\"query-input\":{\"@type\":\"PropertyValueSpecification\",\"valueRequired\":true,\"valueName\":\"search_term_string\"}}],\"inLanguage\":\"en-US\"},{\"@type\":\"Organization\",\"@id\":\"https:\\\/\\\/futterkorb.ch\\\/#organization\",\"name\":\"Futterkorb - by Stefan Baur\",\"url\":\"https:\\\/\\\/futterkorb.ch\\\/\",\"logo\":{\"@type\":\"ImageObject\",\"inLanguage\":\"en-US\",\"@id\":\"https:\\\/\\\/futterkorb.ch\\\/#\\\/schema\\\/logo\\\/image\\\/\",\"url\":\"https:\\\/\\\/futterkorb.ch\\\/wp-content\\\/uploads\\\/2024\\\/03\\\/Logo_white.svg\",\"contentUrl\":\"https:\\\/\\\/futterkorb.ch\\\/wp-content\\\/uploads\\\/2024\\\/03\\\/Logo_white.svg\",\"width\":1000,\"height\":345,\"caption\":\"Futterkorb - by Stefan Baur\"},\"image\":{\"@id\":\"https:\\\/\\\/futterkorb.ch\\\/#\\\/schema\\\/logo\\\/image\\\/\"},\"sameAs\":[\"https:\\\/\\\/www.facebook.com\\\/futterkorbstefanbaur\",\"https:\\\/\\\/www.instagram.com\\\/futterkorb.bystefanbaur\",\"https:\\\/\\\/www.youtube.com\\\/@Futterkorb.byStefanBaur\"]}]}<\/script>\n<!-- \/ Yoast SEO plugin. -->","yoast_head_json":{"title":"Veranstaltungen - Futterkorb - by Stefan Baur","robots":{"index":"index","follow":"follow","max-snippet":"max-snippet:-1","max-image-preview":"max-image-preview:large","max-video-preview":"max-video-preview:-1"},"canonical":"https:\/\/futterkorb.ch\/en\/seminare\/","og_locale":"en_US","og_type":"article","og_title":"Veranstaltungen - Futterkorb - by Stefan Baur","og_description":"Veranstaltungen Messen \u00a0Erleben Sie Futterk\u00f6rbe live: Erlebniswelt Fliegenfischen EWF18. &#8211; 19. April 2026Stand\u00a028 im StadtsaalF\u00fcrstenfeldbruck, Deutschland Seminare Wir bieten auf Seminare auf Anfrage an. Inhalt:&#8211; Wie installiere ich den Futterkorb?&#8211; Wie bef\u00fclle ich den Futterkorb?&#8211; Wie \u00fcberpr\u00fcfe ich den Futterkorb? Haben Sie Interesse? Dann schicken Sie uns eine Anfrage \u00fcber das Kontaktformular.","og_url":"https:\/\/futterkorb.ch\/en\/seminare\/","og_site_name":"Futterkorb - by Stefan Baur","article_publisher":"https:\/\/www.facebook.com\/futterkorbstefanbaur","article_modified_time":"2026-02-17T18:49:40+00:00","twitter_card":"summary_large_image","twitter_misc":{"Est. reading time":"1 minute"},"schema":{"@context":"https:\/\/schema.org","@graph":[{"@type":"WebPage","@id":"https:\/\/futterkorb.ch\/seminare\/","url":"https:\/\/futterkorb.ch\/seminare\/","name":"Veranstaltungen - Futterkorb - by Stefan Baur","isPartOf":{"@id":"https:\/\/futterkorb.ch\/#website"},"datePublished":"2024-04-30T10:26:51+00:00","dateModified":"2026-02-17T18:49:40+00:00","breadcrumb":{"@id":"https:\/\/futterkorb.ch\/seminare\/#breadcrumb"},"inLanguage":"en-US","potentialAction":[{"@type":"ReadAction","target":["https:\/\/futterkorb.ch\/seminare\/"]}]},{"@type":"BreadcrumbList","@id":"https:\/\/futterkorb.ch\/seminare\/#breadcrumb","itemListElement":[{"@type":"ListItem","position":1,"name":"Home","item":"https:\/\/futterkorb.ch\/"},{"@type":"ListItem","position":2,"name":"Veranstaltungen"}]},{"@type":"WebSite","@id":"https:\/\/futterkorb.ch\/#website","url":"https:\/\/futterkorb.ch\/","name":"Futterkorb - by Stefan Baur","description":"Futterkorb - by Stefan Baur","publisher":{"@id":"https:\/\/futterkorb.ch\/#organization"},"potentialAction":[{"@type":"SearchAction","target":{"@type":"EntryPoint","urlTemplate":"https:\/\/futterkorb.ch\/?s={search_term_string}"},"query-input":{"@type":"PropertyValueSpecification","valueRequired":true,"valueName":"search_term_string"}}],"inLanguage":"en-US"},{"@type":"Organization","@id":"https:\/\/futterkorb.ch\/#organization","name":"Futterkorb - by Stefan Baur","url":"https:\/\/futterkorb.ch\/","logo":{"@type":"ImageObject","inLanguage":"en-US","@id":"https:\/\/futterkorb.ch\/#\/schema\/logo\/image\/","url":"https:\/\/futterkorb.ch\/wp-content\/uploads\/2024\/03\/Logo_white.svg","contentUrl":"https:\/\/futterkorb.ch\/wp-content\/uploads\/2024\/03\/Logo_white.svg","width":1000,"height":345,"caption":"Futterkorb - by Stefan Baur"},"image":{"@id":"https:\/\/futterkorb.ch\/#\/schema\/logo\/image\/"},"sameAs":["https:\/\/www.facebook.com\/futterkorbstefanbaur","https:\/\/www.instagram.com\/futterkorb.bystefanbaur","https:\/\/www.youtube.com\/@Futterkorb.byStefanBaur"]}]}},"rttpg_featured_image_url":null,"rttpg_author":{"display_name":"pixpaw","author_link":"https:\/\/futterkorb.ch\/en\/author\/pixpaw\/"},"rttpg_comment":0,"rttpg_category":null,"rttpg_excerpt":"Veranstaltungen Messen \u00a0Erleben Sie Futterk\u00f6rbe live: Erlebniswelt Fliegenfischen EWF18. &#8211; 19. April 2026Stand\u00a028 im StadtsaalF\u00fcrstenfeldbruck, Deutschland Seminare Wir bieten auf Seminare auf Anfrage an. Inhalt:&#8211; Wie installiere ich den Futterkorb?&#8211; Wie bef\u00fclle ich den Futterkorb?&#8211; Wie \u00fcberpr\u00fcfe ich den Futterkorb? Haben Sie Interesse? Dann schicken Sie uns eine Anfrage \u00fcber das Kontaktformular.","_links":{"self":[{"href":"https:\/\/futterkorb.ch\/en\/wp-json\/wp\/v2\/pages\/1189","targetHints":{"allow":["GET"]}}],"collection":[{"href":"https:\/\/futterkorb.ch\/en\/wp-json\/wp\/v2\/pages"}],"about":[{"href":"https:\/\/futterkorb.ch\/en\/wp-json\/wp\/v2\/types\/page"}],"author":[{"embeddable":true,"href":"https:\/\/futterkorb.ch\/en\/wp-json\/wp\/v2\/users\/1"}],"replies":[{"embeddable":true,"href":"https:\/\/futterkorb.ch\/en\/wp-json\/wp\/v2\/comments?post=1189"}],"version-history":[{"count":10,"href":"https:\/\/futterkorb.ch\/en\/wp-json\/wp\/v2\/pages\/1189\/revisions"}],"predecessor-version":[{"id":1430,"href":"https:\/\/futterkorb.ch\/en\/wp-json\/wp\/v2\/pages\/1189\/revisions\/1430"}],"wp:attachment":[{"href":"https:\/\/futterkorb.ch\/en\/wp-json\/wp\/v2\/media?parent=1189"}],"curies":[{"name":"wp","href":"https:\/\/api.w.org\/{rel}","templated":true}]}}